{"id":5909,"date":"2024-08-30T10:24:56","date_gmt":"2024-08-30T09:24:56","guid":{"rendered":"https:\/\/www.zawin.ch\/?page_id=5909"},"modified":"2025-06-12T07:49:12","modified_gmt":"2025-06-12T06:49:12","slug":"news","status":"publish","type":"page","link":"https:\/\/www.zawin.ch\/fr\/news\/","title":{"rendered":"News"},"content":{"rendered":"<div data-elementor-type=\"wp-page\" data-elementor-id=\"5909\" class=\"elementor elementor-5909\" data-elementor-post-type=\"page\">\n\t\t\t\t<div class=\"elementor-element elementor-element-cfa78a9 e-flex e-con-boxed e-con e-parent\" data-id=\"cfa78a9\" data-element_type=\"container\">\n\t\t\t\t\t<div class=\"e-con-inner\">\n\t\t\t\t<div class=\"elementor-element elementor-element-29ec69a3 elementor-widget-tablet__width-initial elementor-widget elementor-widget-heading\" data-id=\"29ec69a3\" data-element_type=\"widget\" data-settings=\"{&quot;motion_fx_motion_fx_scrolling&quot;:&quot;yes&quot;,&quot;motion_fx_devices&quot;:[&quot;desktop&quot;,&quot;tablet&quot;]}\" data-widget_type=\"heading.default\">\n\t\t\t\t<div class=\"elementor-widget-container\">\n\t\t\t\t\t<h1 class=\"elementor-heading-title elementor-size-default\">Quoi de neuf ?<\/h1>\t\t\t\t<\/div>\n\t\t\t\t<\/div>\n\t\t\t\t\t<\/div>\n\t\t\t\t<\/div>\n\t\t<div class=\"elementor-element elementor-element-b451415 e-flex e-con-boxed e-con e-parent\" data-id=\"b451415\" data-element_type=\"container\">\n\t\t\t\t\t<div class=\"e-con-inner\">\n\t\t<div class=\"elementor-element elementor-element-12e8abc3 e-con-full e-flex e-con e-child\" data-id=\"12e8abc3\" data-element_type=\"container\">\n\t\t<div class=\"elementor-element elementor-element-3139295 e-con-full e-flex e-con e-child\" data-id=\"3139295\" data-element_type=\"container\">\n\t\t\t\t<div class=\"elementor-element elementor-element-2e85c66 elementor-widget elementor-widget-text-editor\" data-id=\"2e85c66\" data-element_type=\"widget\" data-widget_type=\"text-editor.default\">\n\t\t\t\t<div class=\"elementor-widget-container\">\n\t\t\t\t\t\t\t\t\t<p>12.06.2025<\/p>\t\t\t\t\t\t\t\t<\/div>\n\t\t\t\t<\/div>\n\t\t\t\t<div class=\"elementor-element elementor-element-79f7087 elementor-widget elementor-widget-heading\" data-id=\"79f7087\" data-element_type=\"widget\" data-widget_type=\"heading.default\">\n\t\t\t\t<div class=\"elementor-widget-container\">\n\t\t\t\t\t<h2 class=\"elementor-heading-title elementor-size-default\">Inscrivez-vous \u2013 Formations ZaWin !<\/h2>\t\t\t\t<\/div>\n\t\t\t\t<\/div>\n\t\t\t\t<\/div>\n\t\t\t\t<div class=\"elementor-element elementor-element-7280b8dd elementor-widget elementor-widget-text-editor\" data-id=\"7280b8dd\" data-element_type=\"widget\" data-widget_type=\"text-editor.default\">\n\t\t\t\t<div class=\"elementor-widget-container\">\n\t\t\t\t\t\t\t\t\t<p data-start=\"174\" data-end=\"392\">Souhaitez-vous approfondir vos connaissances dans l'utilisation de ZaWin, utiliser de nouvelles fonctions de mani\u00e8re cibl\u00e9e ou rendre vos processus de travail encore plus efficaces ? Alors nos cours ZaCademy sont exactement ce qu'il vous faut !<\/p><p data-start=\"174\" data-end=\"392\"><br><\/p>\n<p data-start=\"394\" data-end=\"574\">Nos formations pratiques s'adressent sp\u00e9cifiquement aux utilisateur(rice)s de ZaWin et transmettent des connaissances solides \u2013 directement issues de la pratique, pr\u00e9par\u00e9es de mani\u00e8re compr\u00e9hensible et imm\u00e9diatement applicables. D\u00e8s maintenant, vous pouvez r\u00e9server vos cours souhait\u00e9s tr\u00e8s facilement en ligne. Que vous soyez d\u00e9butant(e) ou exp\u00e9riment\u00e9(e) \u2013 assurez-vous une place \u00e0 l'avance et b\u00e9n\u00e9ficiez de notre savoir-faire de longue date.<\/p><p data-start=\"394\" data-end=\"574\"><br><\/p>\n<p data-start=\"576\" data-end=\"784\">C'est ici pour les inscriptions :&nbsp;<a style=\"letter-spacing: 0px; background-color: #ffffff;\" href=\"https:\/\/zacademy.zawin.ch\/en\/zacademy\" target=\"_blank\" rel=\"noopener\">Home | ZaCademy<\/a><\/p><p data-start=\"576\" data-end=\"784\"><br><\/p>\n<p data-start=\"786\" data-end=\"824\"><strong data-start=\"786\" data-end=\"824\">Nous nous r\u00e9jouissons de votre participation !<\/strong><\/p>\t\t\t\t\t\t\t\t<\/div>\n\t\t\t\t<\/div>\n\t\t\t\t<div class=\"elementor-element elementor-element-4b36d3e elementor-widget-divider--view-line elementor-widget elementor-widget-divider\" data-id=\"4b36d3e\" data-element_type=\"widget\" data-widget_type=\"divider.default\">\n\t\t\t\t<div class=\"elementor-widget-container\">\n\t\t\t\t\t\t\t<div class=\"elementor-divider\">\n\t\t\t<span class=\"elementor-divider-separator\">\n\t\t\t\t\t\t<\/span>\n\t\t<\/div>\n\t\t\t\t\t\t<\/div>\n\t\t\t\t<\/div>\n\t\t\t\t<\/div>\n\t\t\t\t\t<\/div>\n\t\t\t\t<\/div>\n\t\t<div class=\"elementor-element elementor-element-9954876 e-flex e-con-boxed e-con e-parent\" data-id=\"9954876\" data-element_type=\"container\">\n\t\t\t\t\t<div class=\"e-con-inner\">\n\t\t<div class=\"elementor-element elementor-element-b0f31cf e-con-full e-flex e-con e-child\" data-id=\"b0f31cf\" data-element_type=\"container\">\n\t\t<div class=\"elementor-element elementor-element-25268e1 e-con-full e-flex e-con e-child\" data-id=\"25268e1\" data-element_type=\"container\">\n\t\t\t\t<div class=\"elementor-element elementor-element-ac76f47 elementor-widget elementor-widget-text-editor\" data-id=\"ac76f47\" data-element_type=\"widget\" data-widget_type=\"text-editor.default\">\n\t\t\t\t<div class=\"elementor-widget-container\">\n\t\t\t\t\t\t\t\t\t<p>04.12.2024<\/p>\t\t\t\t\t\t\t\t<\/div>\n\t\t\t\t<\/div>\n\t\t\t\t<div class=\"elementor-element elementor-element-12d8f73 elementor-widget elementor-widget-heading\" data-id=\"12d8f73\" data-element_type=\"widget\" data-widget_type=\"heading.default\">\n\t\t\t\t<div class=\"elementor-widget-container\">\n\t\t\t\t\t<h2 class=\"elementor-heading-title elementor-size-default\">Contrat de Maintenance Plus : Tranquillit\u00e9 d\u2019esprit pour votre cabinet, chaque jour !<\/h2>\t\t\t\t<\/div>\n\t\t\t\t<\/div>\n\t\t\t\t<\/div>\n\t\t\t\t<div class=\"elementor-element elementor-element-edfd62a elementor-widget elementor-widget-text-editor\" data-id=\"edfd62a\" data-element_type=\"widget\" data-widget_type=\"text-editor.default\">\n\t\t\t\t<div class=\"elementor-widget-container\">\n\t\t\t\t\t\t\t\t\t<p>\u00c0 la demande de nombreux clients, nous pr\u00e9sentons notre <strong>Contrat de Maintenance Plus<\/strong>Votre cl\u00e9 pour un fonctionnement sans souci de votre cabinet. B\u00e9n\u00e9ficiez de temps de r\u00e9action rapides, d\u2019une assistance experte et d\u2019horaires de service \u00e9tendus - en semaine jusqu\u2019\u00e0 20 heures et \u00e9galement le week-end.<\/p><p><br \/>Le meilleur : <strong>Tout cela pour seulement 1 franc par jour ! <\/strong>D\u00e9couvrez-en plus d\u00e8s maintenant et profitez de tous les avantages - contactez-nous !<\/p>\t\t\t\t\t\t\t\t<\/div>\n\t\t\t\t<\/div>\n\t\t\t\t<div class=\"elementor-element elementor-element-797b7f0 elementor-widget-divider--view-line elementor-widget elementor-widget-divider\" data-id=\"797b7f0\" data-element_type=\"widget\" data-widget_type=\"divider.default\">\n\t\t\t\t<div class=\"elementor-widget-container\">\n\t\t\t\t\t\t\t<div class=\"elementor-divider\">\n\t\t\t<span class=\"elementor-divider-separator\">\n\t\t\t\t\t\t<\/span>\n\t\t<\/div>\n\t\t\t\t\t\t<\/div>\n\t\t\t\t<\/div>\n\t\t\t\t<\/div>\n\t\t\t\t\t<\/div>\n\t\t\t\t<\/div>\n\t\t<div class=\"elementor-element elementor-element-8a6f8b9 e-flex e-con-boxed e-con e-parent\" data-id=\"8a6f8b9\" data-element_type=\"container\">\n\t\t\t\t\t<div class=\"e-con-inner\">\n\t\t<div class=\"elementor-element elementor-element-77272e2 e-con-full e-flex e-con e-child\" data-id=\"77272e2\" data-element_type=\"container\">\n\t\t\t\t<div class=\"elementor-element elementor-element-c510507 elementor-widget elementor-widget-image\" data-id=\"c510507\" data-element_type=\"widget\" data-widget_type=\"image.default\">\n\t\t\t\t<div class=\"elementor-widget-container\">\n\t\t\t\t\t\t\t\t\t\t\t\t\t\t\t<img fetchpriority=\"high\" decoding=\"async\" width=\"1024\" height=\"270\" src=\"https:\/\/www.zawin.ch\/wp-content\/uploads\/Bildschirmfoto-2024-11-21-um-13.33.00-1024x270.png\" class=\"attachment-large size-large wp-image-6049\" alt=\"\" srcset=\"https:\/\/www.zawin.ch\/wp-content\/uploads\/Bildschirmfoto-2024-11-21-um-13.33.00-1024x270.png 1024w, https:\/\/www.zawin.ch\/wp-content\/uploads\/Bildschirmfoto-2024-11-21-um-13.33.00-300x79.png 300w, https:\/\/www.zawin.ch\/wp-content\/uploads\/Bildschirmfoto-2024-11-21-um-13.33.00-768x203.png 768w, https:\/\/www.zawin.ch\/wp-content\/uploads\/Bildschirmfoto-2024-11-21-um-13.33.00-1536x406.png 1536w, https:\/\/www.zawin.ch\/wp-content\/uploads\/Bildschirmfoto-2024-11-21-um-13.33.00-2048x541.png 2048w, https:\/\/www.zawin.ch\/wp-content\/uploads\/Bildschirmfoto-2024-11-21-um-13.33.00-18x5.png 18w\" sizes=\"(max-width: 1024px) 100vw, 1024px\" \/>\t\t\t\t\t\t\t\t\t\t\t\t\t\t\t<\/div>\n\t\t\t\t<\/div>\n\t\t<div class=\"elementor-element elementor-element-87dda06 e-con-full e-flex e-con e-child\" data-id=\"87dda06\" data-element_type=\"container\">\n\t\t\t\t<div class=\"elementor-element elementor-element-55513e2 elementor-widget elementor-widget-text-editor\" data-id=\"55513e2\" data-element_type=\"widget\" data-widget_type=\"text-editor.default\">\n\t\t\t\t<div class=\"elementor-widget-container\">\n\t\t\t\t\t\t\t\t\t<p>14.11.2024<\/p>\t\t\t\t\t\t\t\t<\/div>\n\t\t\t\t<\/div>\n\t\t\t\t<div class=\"elementor-element elementor-element-76f83d4 elementor-widget elementor-widget-heading\" data-id=\"76f83d4\" data-element_type=\"widget\" data-widget_type=\"heading.default\">\n\t\t\t\t<div class=\"elementor-widget-container\">\n\t\t\t\t\t<h2 class=\"elementor-heading-title elementor-size-default\">Ev\u00e9nement clients ZaWin On the Road<\/h2>\t\t\t\t<\/div>\n\t\t\t\t<\/div>\n\t\t\t\t<\/div>\n\t\t\t\t<div class=\"elementor-element elementor-element-ea821b9 elementor-widget elementor-widget-text-editor\" data-id=\"ea821b9\" data-element_type=\"widget\" data-widget_type=\"text-editor.default\">\n\t\t\t\t<div class=\"elementor-widget-container\">\n\t\t\t\t\t\t\t\t\t<p>Nous avons le plaisir de vous annoncer que notre r\u00e9union clients et l\u2019\u00e9v\u00e9nement ZaWin en d\u00e9placement auront lieu au d\u00e9but de l\u2019ann\u00e9e prochaine. Profitez de cette occasion pour \u00e9changer des id\u00e9es et d\u00e9couvrir des perspectives passionnantes. Inscrivez-vous d\u00e8s maintenant - nous avons h\u00e2te de vous accueillir !\u00a0<\/p>\t\t\t\t\t\t\t\t<\/div>\n\t\t\t\t<\/div>\n\t\t\t\t<div class=\"elementor-element elementor-element-77e5165 elementor-widget-divider--view-line elementor-widget elementor-widget-divider\" data-id=\"77e5165\" data-element_type=\"widget\" data-widget_type=\"divider.default\">\n\t\t\t\t<div class=\"elementor-widget-container\">\n\t\t\t\t\t\t\t<div class=\"elementor-divider\">\n\t\t\t<span class=\"elementor-divider-separator\">\n\t\t\t\t\t\t<\/span>\n\t\t<\/div>\n\t\t\t\t\t\t<\/div>\n\t\t\t\t<\/div>\n\t\t\t\t<\/div>\n\t\t\t\t\t<\/div>\n\t\t\t\t<\/div>\n\t\t<div class=\"elementor-element elementor-element-273d1e7 e-flex e-con-boxed e-con e-parent\" data-id=\"273d1e7\" data-element_type=\"container\">\n\t\t\t\t\t<div class=\"e-con-inner\">\n\t\t<div class=\"elementor-element elementor-element-65d2884 e-con-full e-flex e-con e-child\" data-id=\"65d2884\" data-element_type=\"container\">\n\t\t<div class=\"elementor-element elementor-element-7437e86 e-con-full e-flex e-con e-child\" data-id=\"7437e86\" data-element_type=\"container\">\n\t\t\t\t<div class=\"elementor-element elementor-element-f46c1bc elementor-widget elementor-widget-text-editor\" data-id=\"f46c1bc\" data-element_type=\"widget\" data-widget_type=\"text-editor.default\">\n\t\t\t\t<div class=\"elementor-widget-container\">\n\t\t\t\t\t\t\t\t\t<p>30.08.2024<\/p>\t\t\t\t\t\t\t\t<\/div>\n\t\t\t\t<\/div>\n\t\t\t\t<div class=\"elementor-element elementor-element-335cf16 elementor-widget elementor-widget-heading\" data-id=\"335cf16\" data-element_type=\"widget\" data-widget_type=\"heading.default\">\n\t\t\t\t<div class=\"elementor-widget-container\">\n\t\t\t\t\t<h2 class=\"elementor-heading-title elementor-size-default\">Mise \u00e0 jour du plan tarifaire et introduction des nouveaux paquets de prestations Plus (LP+)<\/h2>\t\t\t\t<\/div>\n\t\t\t\t<\/div>\n\t\t\t\t<\/div>\n\t\t\t\t<div class=\"elementor-element elementor-element-9197a8a elementor-widget elementor-widget-text-editor\" data-id=\"9197a8a\" data-element_type=\"widget\" data-widget_type=\"text-editor.default\">\n\t\t\t\t<div class=\"elementor-widget-container\">\n\t\t\t\t\t\t\t\t\t<p>Nous souhaitons vous informer qu'un catalogue de prestations actualis\u00e9 entrera en vigueur \u00e0 partir du 1er janvier 2025. La Soci\u00e9t\u00e9 Suisse d'Odonto-stomatologie (SSO) a d\u00e9cid\u00e9, en collaboration avec les partenaires f\u00e9d\u00e9raux des assurances sociales AA\/AM, de proc\u00e9der \u00e0 une adaptation qui comprend entre autres un nouveau mod\u00e8le de facturation \u00e0 la charge des assureurs sociaux. Les chiffres tarifaires des diff\u00e9rentes \u00e9tapes de traitement sont regroup\u00e9s dans des paquets de prestations Plus (LP+). Par ailleurs, les factures et les dossiers \u00e0 l'attention des assureurs sociaux f\u00e9d\u00e9raux (AA\/AM\/AI) peuvent \u00eatre transmis exclusivement par voie \u00e9lectronique. Une p\u00e9riode transitoire s'applique ici jusqu'au 30 juin 2025.<\/p><p>\u00a0<\/p><p><strong>Qu'est-ce que cela signifie pour vous en tant que client ZaWin et quelles sont les \u00e9tapes \u00e0 suivre ?<\/strong><\/p><p>Notre \u00e9quipe de d\u00e9veloppement est en contact \u00e9troit avec la SSO et veille \u00e0 ce que toutes les modifications apport\u00e9es dans le cadre du LP+ soient enti\u00e8rement int\u00e9gr\u00e9es dans ZaWin. Nous mettrons \u00e0 votre disposition, entre fin novembre et d\u00e9but d\u00e9cembre, une nouvelle version de ZaWin qui contiendra toutes les adaptations. Nous vous prions d'installer la mise \u00e0 jour avant la fin de l'ann\u00e9e. Pour les clients ZaWin Cloud, les modifications seront automatiquement int\u00e9gr\u00e9es - aucune action de votre part n'est n\u00e9cessaire.<\/p><p>\u00a0<\/p><p>Notre \u00e9quipe du support se tient \u00e0 votre disposition pour r\u00e9pondre \u00e0 vos questions.<\/p><p>Votre Martin Engineering AG<\/p>\t\t\t\t\t\t\t\t<\/div>\n\t\t\t\t<\/div>\n\t\t\t\t<\/div>\n\t\t\t\t\t<\/div>\n\t\t\t\t<\/div>\n\t\t<div class=\"elementor-element elementor-element-e9ccd20 e-flex e-con-boxed e-con e-parent\" data-id=\"e9ccd20\" data-element_type=\"container\">\n\t\t\t\t\t<div class=\"e-con-inner\">\n\t\t\t\t\t<\/div>\n\t\t\t\t<\/div>\n\t\t\t\t<\/div>","protected":false},"excerpt":{"rendered":"<p>Was gibt es Neues? 12.06.2025 Jetzt anmelden \u2013 Schulungen rund um ZaWin! M\u00f6chten Sie Ihre Kenntnisse in der Anwendung von [&hellip;]<\/p>","protected":false},"author":4,"featured_media":5478,"parent":0,"menu_order":0,"comment_status":"closed","ping_status":"closed","template":"","meta":{"site-sidebar-layout":"no-sidebar","site-content-layout":"","ast-site-content-layout":"full-width-container","site-content-style":"default","site-sidebar-style":"default","ast-global-header-display":"","ast-banner-title-visibility":"","ast-main-header-display":"","ast-hfb-above-header-display":"","ast-hfb-below-header-display":"","ast-hfb-mobile-header-display":"","site-post-title":"disabled","ast-breadcrumbs-content":"","ast-featured-img":"disabled","footer-sml-layout":"","theme-transparent-header-meta":"","adv-header-id-meta":"","stick-header-meta":"","header-above-stick-meta":"","header-main-stick-meta":"","header-below-stick-meta":"","astra-migrate-meta-layouts":"default","ast-page-background-enabled":"default","ast-page-background-meta":{"desktop":{"background-color":"var(--ast-global-color-4)","background-image":"","background-repeat":"repeat","background-position":"center center","background-size":"auto","background-attachment":"scroll","background-type":"","background-media":"","overlay-type":"","overlay-color":"","overlay-opacity":"","overlay-gradient":""},"tablet":{"background-color":"","background-image":"","background-repeat":"repeat","background-position":"center center","background-size":"auto","background-attachment":"scroll","background-type":"","background-media":"","overlay-type":"","overlay-color":"","overlay-opacity":"","overlay-gradient":""},"mobile":{"background-color":"","background-image":"","background-repeat":"repeat","background-position":"center center","background-size":"auto","background-attachment":"scroll","background-type":"","background-media":"","overlay-type":"","overlay-color":"","overlay-opacity":"","overlay-gradient":""}},"ast-content-background-meta":{"desktop":{"background-color":"var(--ast-global-color-5)","background-image":"","background-repeat":"repeat","background-position":"center center","background-size":"auto","background-attachment":"scroll","background-type":"","background-media":"","overlay-type":"","overlay-color":"","overlay-opacity":"","overlay-gradient":""},"tablet":{"background-color":"var(--ast-global-color-5)","background-image":"","background-repeat":"repeat","background-position":"center center","background-size":"auto","background-attachment":"scroll","background-type":"","background-media":"","overlay-type":"","overlay-color":"","overlay-opacity":"","overlay-gradient":""},"mobile":{"background-color":"var(--ast-global-color-5)","background-image":"","background-repeat":"repeat","background-position":"center center","background-size":"auto","background-attachment":"scroll","background-type":"","background-media":"","overlay-type":"","overlay-color":"","overlay-opacity":"","overlay-gradient":""}},"footnotes":""},"class_list":["post-5909","page","type-page","status-publish","has-post-thumbnail","hentry"],"_links":{"self":[{"href":"https:\/\/www.zawin.ch\/fr\/wp-json\/wp\/v2\/pages\/5909","targetHints":{"allow":["GET"]}}],"collection":[{"href":"https:\/\/www.zawin.ch\/fr\/wp-json\/wp\/v2\/pages"}],"about":[{"href":"https:\/\/www.zawin.ch\/fr\/wp-json\/wp\/v2\/types\/page"}],"author":[{"embeddable":true,"href":"https:\/\/www.zawin.ch\/fr\/wp-json\/wp\/v2\/users\/4"}],"replies":[{"embeddable":true,"href":"https:\/\/www.zawin.ch\/fr\/wp-json\/wp\/v2\/comments?post=5909"}],"version-history":[{"count":52,"href":"https:\/\/www.zawin.ch\/fr\/wp-json\/wp\/v2\/pages\/5909\/revisions"}],"predecessor-version":[{"id":6253,"href":"https:\/\/www.zawin.ch\/fr\/wp-json\/wp\/v2\/pages\/5909\/revisions\/6253"}],"wp:featuredmedia":[{"embeddable":true,"href":"https:\/\/www.zawin.ch\/fr\/wp-json\/wp\/v2\/media\/5478"}],"wp:attachment":[{"href":"https:\/\/www.zawin.ch\/fr\/wp-json\/wp\/v2\/media?parent=5909"}],"curies":[{"name":"wp","href":"https:\/\/api.w.org\/{rel}","templated":true}]}}