{"id":6324,"date":"2025-09-22T09:16:53","date_gmt":"2025-09-22T08:16:53","guid":{"rendered":"https:\/\/www.zawin.ch\/?page_id=6324"},"modified":"2025-10-24T12:39:11","modified_gmt":"2025-10-24T11:39:11","slug":"kgwin","status":"publish","type":"page","link":"https:\/\/www.zawin.ch\/fr\/kgwin\/","title":{"rendered":"KGWin Zahnstatus"},"content":{"rendered":"<div data-elementor-type=\"wp-page\" data-elementor-id=\"6324\" class=\"elementor elementor-6324\" data-elementor-post-type=\"page\">\n\t\t\t\t<div class=\"elementor-element elementor-element-40e861e e-flex e-con-boxed e-con e-parent\" data-id=\"40e861e\" data-element_type=\"container\">\n\t\t\t\t\t<div class=\"e-con-inner\">\n\t\t\t\t<div class=\"elementor-element elementor-element-fac328d elementor-widget-divider--view-line elementor-widget elementor-widget-divider\" data-id=\"fac328d\" data-element_type=\"widget\" data-widget_type=\"divider.default\">\n\t\t\t\t<div class=\"elementor-widget-container\">\n\t\t\t\t\t\t\t<div class=\"elementor-divider\">\n\t\t\t<span class=\"elementor-divider-separator\">\n\t\t\t\t\t\t<\/span>\n\t\t<\/div>\n\t\t\t\t\t\t<\/div>\n\t\t\t\t<\/div>\n\t\t\t\t\t<\/div>\n\t\t\t\t<\/div>\n\t\t<div class=\"elementor-element elementor-element-6c85978 e-flex e-con-boxed e-con e-parent\" data-id=\"6c85978\" data-element_type=\"container\">\n\t\t\t\t\t<div class=\"e-con-inner\">\n\t\t\t\t<div class=\"elementor-element elementor-element-73c267f elementor-widget elementor-widget-heading\" data-id=\"73c267f\" data-element_type=\"widget\" data-widget_type=\"heading.default\">\n\t\t\t\t<div class=\"elementor-widget-container\">\n\t\t\t\t\t<h2 class=\"elementor-heading-title elementor-size-default\">Diagnostic. Statut dentaire KGWin Patient. Facture. Tout en un !<\/h2>\t\t\t\t<\/div>\n\t\t\t\t<\/div>\n\t\t\t\t<div class=\"elementor-element elementor-element-a604af0 elementor-widget__width-initial elementor-widget elementor-widget-text-editor\" data-id=\"a604af0\" data-element_type=\"widget\" data-widget_type=\"text-editor.default\">\n\t\t\t\t<div class=\"elementor-widget-container\">\n\t\t\t\t\t\t\t\t\t<p>Avec le Statut Dentaire KGWin, vous documentez le bilan oral, g\u00e9rez le dossier patient et enregistrez les prestations pour la facturation \u2013 tout cela en un seul clic. Cela permet d'\u00e9conomiser du temps, d'\u00e9viter les erreurs et de rendre le travail de votre cabinet beaucoup plus efficace.<\/p>\t\t\t\t\t\t\t\t<\/div>\n\t\t\t\t<\/div>\n\t\t\t\t<div class=\"elementor-element elementor-element-f2dd6d2 elementor-widget elementor-widget-image\" data-id=\"f2dd6d2\" data-element_type=\"widget\" data-widget_type=\"image.default\">\n\t\t\t\t<div class=\"elementor-widget-container\">\n\t\t\t\t\t\t\t\t\t\t\t\t<figure class=\"wp-caption\">\n\t\t\t\t\t\t\t\t\t\t<img fetchpriority=\"high\" decoding=\"async\" width=\"2048\" height=\"651\" src=\"https:\/\/www.zawin.ch\/wp-content\/uploads\/Kopie-von-Titelblatt-2048x651.png\" class=\"attachment-2048x2048 size-2048x2048 wp-image-6326\" alt=\"\" srcset=\"https:\/\/www.zawin.ch\/wp-content\/uploads\/Kopie-von-Titelblatt-2048x651.png 2048w, https:\/\/www.zawin.ch\/wp-content\/uploads\/Kopie-von-Titelblatt-300x95.png 300w, https:\/\/www.zawin.ch\/wp-content\/uploads\/Kopie-von-Titelblatt-1024x326.png 1024w, https:\/\/www.zawin.ch\/wp-content\/uploads\/Kopie-von-Titelblatt-768x244.png 768w, https:\/\/www.zawin.ch\/wp-content\/uploads\/Kopie-von-Titelblatt-1536x488.png 1536w, https:\/\/www.zawin.ch\/wp-content\/uploads\/Kopie-von-Titelblatt-18x6.png 18w\" sizes=\"(max-width: 2048px) 100vw, 2048px\" \/>\t\t\t\t\t\t\t\t\t\t\t<figcaption class=\"widget-image-caption wp-caption-text\">KGWIN ZAHNSTATUS<\/figcaption>\n\t\t\t\t\t\t\t\t\t\t<\/figure>\n\t\t\t\t\t\t\t\t\t<\/div>\n\t\t\t\t<\/div>\n\t\t\t\t\t<\/div>\n\t\t\t\t<\/div>\n\t\t<div class=\"elementor-element elementor-element-78f75c2 e-flex e-con-boxed e-con e-parent\" data-id=\"78f75c2\" data-element_type=\"container\">\n\t\t\t\t\t<div class=\"e-con-inner\">\n\t\t\t\t<div class=\"elementor-element elementor-element-1bf1e94 elementor-widget-divider--separator-type-pattern elementor-widget-divider--no-spacing elementor-widget-divider--view-line elementor-widget elementor-widget-divider\" data-id=\"1bf1e94\" data-element_type=\"widget\" data-widget_type=\"divider.default\">\n\t\t\t\t<div class=\"elementor-widget-container\">\n\t\t\t\t\t\t\t<div class=\"elementor-divider\" style=\"--divider-pattern-url: url(&quot;data:image\/svg+xml,%3Csvg xmlns=&#039;http:\/\/www.w3.org\/2000\/svg&#039; preserveAspectRatio=&#039;xMidYMid meet&#039; overflow=&#039;visible&#039; height=&#039;100%&#039; viewBox=&#039;0 0 126 26&#039; fill=&#039;black&#039; stroke=&#039;none&#039;%3E%3Cpath d=&#039;M3,10.2c2.6,0,2.6,2,2.6,3.2S4.4,16.5,3,16.5s-3-1.4-3-3.2S0.4,10.2,3,10.2z M18.8,10.2c1.7,0,3.2,1.4,3.2,3.2s-1.4,3.2-3.2,3.2c-1.7,0-3.2-1.4-3.2-3.2S17,10.2,18.8,10.2z M34.6,10.2c1.5,0,2.6,1.4,2.6,3.2s-0.5,3.2-1.9,3.2c-1.5,0-3.4-1.4-3.4-3.2S33.1,10.2,34.6,10.2z M50.5,10.2c1.7,0,3.2,1.4,3.2,3.2s-1.4,3.2-3.2,3.2c-1.7,0-3.3-0.9-3.3-2.6S48.7,10.2,50.5,10.2z M66.2,10.2c1.5,0,3.4,1.4,3.4,3.2s-1.9,3.2-3.4,3.2c-1.5,0-2.6-0.4-2.6-2.1S64.8,10.2,66.2,10.2z M82.2,10.2c1.7,0.8,2.6,1.4,2.6,3.2s-0.1,3.2-1.6,3.2c-1.5,0-3.7-1.4-3.7-3.2S80.5,9.4,82.2,10.2zM98.6,10.2c1.5,0,2.6,0.4,2.6,2.1s-1.2,4.2-2.6,4.2c-1.5,0-3.7-0.4-3.7-2.1S97.1,10.2,98.6,10.2z M113.4,10.2c1.2,0,2.2,0.9,2.2,3.2s-0.1,3.2-1.3,3.2s-3.1-1.4-3.1-3.2S112.2,10.2,113.4,10.2z&#039;\/%3E%3C\/svg%3E&quot;);\">\n\t\t\t<span class=\"elementor-divider-separator\">\n\t\t\t\t\t\t<\/span>\n\t\t<\/div>\n\t\t\t\t\t\t<\/div>\n\t\t\t\t<\/div>\n\t\t\t\t\t<\/div>\n\t\t\t\t<\/div>\n\t\t<div class=\"elementor-element elementor-element-0186022 e-flex e-con-boxed e-con e-parent\" data-id=\"0186022\" data-element_type=\"container\">\n\t\t\t\t\t<div class=\"e-con-inner\">\n\t\t<div class=\"elementor-element elementor-element-22f0eda e-con-full e-flex e-con e-child\" data-id=\"22f0eda\" data-element_type=\"container\">\n\t\t\t\t<div class=\"elementor-element elementor-element-f14f779 elementor-widget__width-initial elementor-widget elementor-widget-text-editor\" data-id=\"f14f779\" data-element_type=\"widget\" data-widget_type=\"text-editor.default\">\n\t\t\t\t<div class=\"elementor-widget-container\">\n\t\t\t\t\t\t\t\t\t<p><strong>Documentation compl\u00e8te<\/strong><\/p><p><strong>\u00a0<\/strong><\/p><p class=\"translation-block\">Le module offre une repr\u00e9sentation graphique du statut dentaire, dans laquelle vous pouvez dessiner directement les \u00e9tapes th\u00e9rapeutiques et mettre \u00e0 jour imm\u00e9diatement les traitements existants. Les valeurs de mesure telles que les profondeurs de sondage, les r\u00e9cessions, la vitalit\u00e9 et la mobilit\u00e9 sont saisies facilement, tandis que les zones de saignement ou actives sont automatiquement mises en \u00e9vidence dans le sch\u00e9ma des poches. M\u00eame la dentition de lait peut \u00eatre repr\u00e9sent\u00e9e sans probl\u00e8me. Le logiciel s'adapte aux processus de votre cabinet : vous pouvez faire pivoter, d\u00e9placer ou \u00e9tirer des dents individuelles ou des groupes entiers, dessiner \u00e0 main lev\u00e9e des anomalies m\u00e9dicales et d\u00e9finir librement les op\u00e9rations ainsi que les textes du dossier patient (FM). Le nombre de points de mesure par dent (4, 6 ou 8) et l'ordre des mesures peuvent \u00e9galement \u00eatre r\u00e9gl\u00e9s individuellement. Vous gardez ainsi un aper\u00e7u complet \u00e0 tout moment et pouvez documenter chaque bilan avec exactitude.<\/p>\t\t\t\t\t\t\t\t<\/div>\n\t\t\t\t<\/div>\n\t\t\t\t<\/div>\n\t\t<div class=\"elementor-element elementor-element-2432ba0 e-con-full e-flex e-con e-child\" data-id=\"2432ba0\" data-element_type=\"container\">\n\t\t\t\t<div class=\"elementor-element elementor-element-20a4594 elementor-widget elementor-widget-text-editor\" data-id=\"20a4594\" data-element_type=\"widget\" data-widget_type=\"text-editor.default\">\n\t\t\t\t<div class=\"elementor-widget-container\">\n\t\t\t\t\t\t\t\t\t<p><strong>Facturation et processus de cabinet s\u00e9curis\u00e9s<\/strong><\/p><p>\u00a0<\/p><p class=\"cvGsUA direction-ltr align-start para-style-body\"><span class=\"a_GcMg font-feature-liga-off font-feature-clig-off font-feature-calt-off text-decoration-none text-strikethrough-none\">KGWin Statut dentaire garantit que les prestations sont calcul\u00e9es selon le tarif SSO et sont directement pr\u00e9par\u00e9es pour la facturation ou le d\u00e9compte avec l'assurance maladie. Ainsi, vous disposez de toutes les donn\u00e9es pertinentes au m\u00eame endroit et \u00e9vitez les erreurs de facturation.<\/span><\/p><p class=\"cvGsUA direction-ltr align-start para-style-body\"><span class=\"a_GcMg font-feature-liga-off font-feature-clig-off font-feature-calt-off text-decoration-none text-strikethrough-none\">Le module augmente l'efficacit\u00e9 de votre cabinet : la documentation, la planification et la facturation se d\u00e9roulent de mani\u00e8re centrale, transparente et tra\u00e7able, tout en assurant que toutes les donn\u00e9es restent conformes \u00e0 la protection des donn\u00e9es. Ainsi, vous pouvez vous concentrer sur l'essentiel \u2013 le traitement de vos patients \u2013 tout en ayant la certitude que les th\u00e9rapies, les valeurs de mesure et les d\u00e9comptes sont toujours correctement enregistr\u00e9s.<\/span><\/p>\t\t\t\t\t\t\t\t<\/div>\n\t\t\t\t<\/div>\n\t\t\t\t<\/div>\n\t\t\t\t\t<\/div>\n\t\t\t\t<\/div>\n\t\t<div class=\"elementor-element elementor-element-47ccd53 e-flex e-con-boxed e-con e-parent\" data-id=\"47ccd53\" data-element_type=\"container\">\n\t\t\t\t\t<div class=\"e-con-inner\">\n\t\t<div class=\"elementor-element elementor-element-a7bba05 e-con-full e-flex e-con e-child\" data-id=\"a7bba05\" data-element_type=\"container\">\n\t\t\t\t<div class=\"elementor-element elementor-element-29d3d8a elementor-widget__width-initial elementor-widget elementor-widget-text-editor\" data-id=\"29d3d8a\" data-element_type=\"widget\" data-widget_type=\"text-editor.default\">\n\t\t\t\t<div class=\"elementor-widget-container\">\n\t\t\t\t\t\t\t\t\t<p><strong>Effiziente Therapien &amp; Planung<\/strong><\/p><p data-start=\"1353\" data-end=\"1746\">KGWin Statut dentaire facilite consid\u00e9rablement la planification th\u00e9rapeutique. Les \u00e9tapes de la th\u00e9rapie peuvent \u00eatre dessin\u00e9es directement sur le statut et mises \u00e0 jour \u00e0 tout moment, permettant \u00e0 toute l'\u00e9quipe du cabinet de rester inform\u00e9e. Flexible et adaptable individuellement : les groupes de dents, les repr\u00e9sentations des th\u00e9rapies et les ordres de mesure peuvent \u00eatre modifi\u00e9s selon les besoins. Les anomalies m\u00e9dicales particuli\u00e8res peuvent \u00e9galement \u00eatre facilement dessin\u00e9es. La planification devient ainsi non seulement pr\u00e9cise, mais aussi intuitive et adapt\u00e9e \u00e0 la pratique, de sorte que chaque employ\u00e9 comprenne imm\u00e9diatement les mesures n\u00e9cessaires.<\/p>\t\t\t\t\t\t\t\t<\/div>\n\t\t\t\t<\/div>\n\t\t\t\t<\/div>\n\t\t<div class=\"elementor-element elementor-element-525e4b6 e-con-full e-flex e-con e-child\" data-id=\"525e4b6\" data-element_type=\"container\">\n\t\t\t\t<\/div>\n\t\t\t\t\t<\/div>\n\t\t\t\t<\/div>\n\t\t<div class=\"elementor-element elementor-element-145fe1e e-flex e-con-boxed e-con e-parent\" data-id=\"145fe1e\" data-element_type=\"container\">\n\t\t\t\t\t<div class=\"e-con-inner\">\n\t\t\t\t<div class=\"elementor-element elementor-element-9c21257 elementor-widget-divider--separator-type-pattern elementor-widget-divider--no-spacing elementor-widget-divider--view-line elementor-widget elementor-widget-divider\" data-id=\"9c21257\" data-element_type=\"widget\" data-widget_type=\"divider.default\">\n\t\t\t\t<div class=\"elementor-widget-container\">\n\t\t\t\t\t\t\t<div class=\"elementor-divider\" style=\"--divider-pattern-url: url(&quot;data:image\/svg+xml,%3Csvg xmlns=&#039;http:\/\/www.w3.org\/2000\/svg&#039; preserveAspectRatio=&#039;xMidYMid meet&#039; overflow=&#039;visible&#039; height=&#039;100%&#039; viewBox=&#039;0 0 126 26&#039; fill=&#039;black&#039; stroke=&#039;none&#039;%3E%3Cpath d=&#039;M3,10.2c2.6,0,2.6,2,2.6,3.2S4.4,16.5,3,16.5s-3-1.4-3-3.2S0.4,10.2,3,10.2z M18.8,10.2c1.7,0,3.2,1.4,3.2,3.2s-1.4,3.2-3.2,3.2c-1.7,0-3.2-1.4-3.2-3.2S17,10.2,18.8,10.2z M34.6,10.2c1.5,0,2.6,1.4,2.6,3.2s-0.5,3.2-1.9,3.2c-1.5,0-3.4-1.4-3.4-3.2S33.1,10.2,34.6,10.2z M50.5,10.2c1.7,0,3.2,1.4,3.2,3.2s-1.4,3.2-3.2,3.2c-1.7,0-3.3-0.9-3.3-2.6S48.7,10.2,50.5,10.2z M66.2,10.2c1.5,0,3.4,1.4,3.4,3.2s-1.9,3.2-3.4,3.2c-1.5,0-2.6-0.4-2.6-2.1S64.8,10.2,66.2,10.2z M82.2,10.2c1.7,0.8,2.6,1.4,2.6,3.2s-0.1,3.2-1.6,3.2c-1.5,0-3.7-1.4-3.7-3.2S80.5,9.4,82.2,10.2zM98.6,10.2c1.5,0,2.6,0.4,2.6,2.1s-1.2,4.2-2.6,4.2c-1.5,0-3.7-0.4-3.7-2.1S97.1,10.2,98.6,10.2z M113.4,10.2c1.2,0,2.2,0.9,2.2,3.2s-0.1,3.2-1.3,3.2s-3.1-1.4-3.1-3.2S112.2,10.2,113.4,10.2z&#039;\/%3E%3C\/svg%3E&quot;);\">\n\t\t\t<span class=\"elementor-divider-separator\">\n\t\t\t\t\t\t<\/span>\n\t\t<\/div>\n\t\t\t\t\t\t<\/div>\n\t\t\t\t<\/div>\n\t\t\t\t\t<\/div>\n\t\t\t\t<\/div>\n\t\t\t\t<\/div>","protected":false},"excerpt":{"rendered":"<p>Befund. KG. Rechnung. Alles in einem! Mit dem KGWin Zahnstatus dokumentieren Sie den oralen Befund, f\u00fchren die Krankengeschichte und erfassen [&hellip;]<\/p>","protected":false},"author":9,"featured_media":0,"parent":0,"menu_order":0,"comment_status":"closed","ping_status":"closed","template":"","meta":{"site-sidebar-layout":"no-sidebar","site-content-layout":"","ast-site-content-layout":"full-width-container","site-content-style":"default","site-sidebar-style":"default","ast-global-header-display":"","ast-banner-title-visibility":"","ast-main-header-display":"","ast-hfb-above-header-display":"","ast-hfb-below-header-display":"","ast-hfb-mobile-header-display":"","site-post-title":"disabled","ast-breadcrumbs-content":"","ast-featured-img":"disabled","footer-sml-layout":"","theme-transparent-header-meta":"","adv-header-id-meta":"","stick-header-meta":"","header-above-stick-meta":"","header-main-stick-meta":"","header-below-stick-meta":"","astra-migrate-meta-layouts":"default","ast-page-background-enabled":"default","ast-page-background-meta":{"desktop":{"background-color":"var(--ast-global-color-4)","background-image":"","background-repeat":"repeat","background-position":"center center","background-size":"auto","background-attachment":"scroll","background-type":"","background-media":"","overlay-type":"","overlay-color":"","overlay-opacity":"","overlay-gradient":""},"tablet":{"background-color":"","background-image":"","background-repeat":"repeat","background-position":"center center","background-size":"auto","background-attachment":"scroll","background-type":"","background-media":"","overlay-type":"","overlay-color":"","overlay-opacity":"","overlay-gradient":""},"mobile":{"background-color":"","background-image":"","background-repeat":"repeat","background-position":"center center","background-size":"auto","background-attachment":"scroll","background-type":"","background-media":"","overlay-type":"","overlay-color":"","overlay-opacity":"","overlay-gradient":""}},"ast-content-background-meta":{"desktop":{"background-color":"var(--ast-global-color-5)","background-image":"","background-repeat":"repeat","background-position":"center center","background-size":"auto","background-attachment":"scroll","background-type":"","background-media":"","overlay-type":"","overlay-color":"","overlay-opacity":"","overlay-gradient":""},"tablet":{"background-color":"var(--ast-global-color-5)","background-image":"","background-repeat":"repeat","background-position":"center center","background-size":"auto","background-attachment":"scroll","background-type":"","background-media":"","overlay-type":"","overlay-color":"","overlay-opacity":"","overlay-gradient":""},"mobile":{"background-color":"var(--ast-global-color-5)","background-image":"","background-repeat":"repeat","background-position":"center center","background-size":"auto","background-attachment":"scroll","background-type":"","background-media":"","overlay-type":"","overlay-color":"","overlay-opacity":"","overlay-gradient":""}},"footnotes":""},"class_list":["post-6324","page","type-page","status-publish","hentry"],"_links":{"self":[{"href":"https:\/\/www.zawin.ch\/fr\/wp-json\/wp\/v2\/pages\/6324","targetHints":{"allow":["GET"]}}],"collection":[{"href":"https:\/\/www.zawin.ch\/fr\/wp-json\/wp\/v2\/pages"}],"about":[{"href":"https:\/\/www.zawin.ch\/fr\/wp-json\/wp\/v2\/types\/page"}],"author":[{"embeddable":true,"href":"https:\/\/www.zawin.ch\/fr\/wp-json\/wp\/v2\/users\/9"}],"replies":[{"embeddable":true,"href":"https:\/\/www.zawin.ch\/fr\/wp-json\/wp\/v2\/comments?post=6324"}],"version-history":[{"count":29,"href":"https:\/\/www.zawin.ch\/fr\/wp-json\/wp\/v2\/pages\/6324\/revisions"}],"predecessor-version":[{"id":6550,"href":"https:\/\/www.zawin.ch\/fr\/wp-json\/wp\/v2\/pages\/6324\/revisions\/6550"}],"wp:attachment":[{"href":"https:\/\/www.zawin.ch\/fr\/wp-json\/wp\/v2\/media?parent=6324"}],"curies":[{"name":"wp","href":"https:\/\/api.w.org\/{rel}","templated":true}]}}