{"id":6324,"date":"2025-09-22T09:16:53","date_gmt":"2025-09-22T08:16:53","guid":{"rendered":"https:\/\/www.zawin.ch\/?page_id=6324"},"modified":"2025-10-24T12:39:11","modified_gmt":"2025-10-24T11:39:11","slug":"kgwin","status":"publish","type":"page","link":"https:\/\/www.zawin.ch\/it\/kgwin\/","title":{"rendered":"KGWin Zahnstatus"},"content":{"rendered":"<div data-elementor-type=\"wp-page\" data-elementor-id=\"6324\" class=\"elementor elementor-6324\" data-elementor-post-type=\"page\">\n\t\t\t\t<div class=\"elementor-element elementor-element-40e861e e-flex e-con-boxed e-con e-parent\" data-id=\"40e861e\" data-element_type=\"container\">\n\t\t\t\t\t<div class=\"e-con-inner\">\n\t\t\t\t<div class=\"elementor-element elementor-element-fac328d elementor-widget-divider--view-line elementor-widget elementor-widget-divider\" data-id=\"fac328d\" data-element_type=\"widget\" data-widget_type=\"divider.default\">\n\t\t\t\t<div class=\"elementor-widget-container\">\n\t\t\t\t\t\t\t<div class=\"elementor-divider\">\n\t\t\t<span class=\"elementor-divider-separator\">\n\t\t\t\t\t\t<\/span>\n\t\t<\/div>\n\t\t\t\t\t\t<\/div>\n\t\t\t\t<\/div>\n\t\t\t\t\t<\/div>\n\t\t\t\t<\/div>\n\t\t<div class=\"elementor-element elementor-element-6c85978 e-flex e-con-boxed e-con e-parent\" data-id=\"6c85978\" data-element_type=\"container\">\n\t\t\t\t\t<div class=\"e-con-inner\">\n\t\t\t\t<div class=\"elementor-element elementor-element-73c267f elementor-widget elementor-widget-heading\" data-id=\"73c267f\" data-element_type=\"widget\" data-widget_type=\"heading.default\">\n\t\t\t\t<div class=\"elementor-widget-container\">\n\t\t\t\t\t<h2 class=\"elementor-heading-title elementor-size-default\">Referto. CC. Fattura. Tutto in uno!<\/h2>\t\t\t\t<\/div>\n\t\t\t\t<\/div>\n\t\t\t\t<div class=\"elementor-element elementor-element-a604af0 elementor-widget__width-initial elementor-widget elementor-widget-text-editor\" data-id=\"a604af0\" data-element_type=\"widget\" data-widget_type=\"text-editor.default\">\n\t\t\t\t<div class=\"elementor-widget-container\">\n\t\t\t\t\t\t\t\t\t<p>Con KGWin Status dentario potete documentare i risultati dell'esame orale, gestire l'anamnesi e registrare le prestazioni per la fatturazione, il tutto con un solo clic. Ci\u00f2 consente di risparmiare tempo, evitare errori e rendere il lavoro nel vostro studio molto pi\u00f9 efficiente.<\/p>\t\t\t\t\t\t\t\t<\/div>\n\t\t\t\t<\/div>\n\t\t\t\t<div class=\"elementor-element elementor-element-f2dd6d2 elementor-widget elementor-widget-image\" data-id=\"f2dd6d2\" data-element_type=\"widget\" data-widget_type=\"image.default\">\n\t\t\t\t<div class=\"elementor-widget-container\">\n\t\t\t\t\t\t\t\t\t\t\t\t<figure class=\"wp-caption\">\n\t\t\t\t\t\t\t\t\t\t<img fetchpriority=\"high\" decoding=\"async\" width=\"2048\" height=\"651\" src=\"https:\/\/www.zawin.ch\/wp-content\/uploads\/Kopie-von-Titelblatt-2048x651.png\" class=\"attachment-2048x2048 size-2048x2048 wp-image-6326\" alt=\"\" srcset=\"https:\/\/www.zawin.ch\/wp-content\/uploads\/Kopie-von-Titelblatt-2048x651.png 2048w, https:\/\/www.zawin.ch\/wp-content\/uploads\/Kopie-von-Titelblatt-300x95.png 300w, https:\/\/www.zawin.ch\/wp-content\/uploads\/Kopie-von-Titelblatt-1024x326.png 1024w, https:\/\/www.zawin.ch\/wp-content\/uploads\/Kopie-von-Titelblatt-768x244.png 768w, https:\/\/www.zawin.ch\/wp-content\/uploads\/Kopie-von-Titelblatt-1536x488.png 1536w, https:\/\/www.zawin.ch\/wp-content\/uploads\/Kopie-von-Titelblatt-18x6.png 18w\" sizes=\"(max-width: 2048px) 100vw, 2048px\" \/>\t\t\t\t\t\t\t\t\t\t\t<figcaption class=\"widget-image-caption wp-caption-text\">KGWIN Status grafico<\/figcaption>\n\t\t\t\t\t\t\t\t\t\t<\/figure>\n\t\t\t\t\t\t\t\t\t<\/div>\n\t\t\t\t<\/div>\n\t\t\t\t\t<\/div>\n\t\t\t\t<\/div>\n\t\t<div class=\"elementor-element elementor-element-78f75c2 e-flex e-con-boxed e-con e-parent\" data-id=\"78f75c2\" data-element_type=\"container\">\n\t\t\t\t\t<div class=\"e-con-inner\">\n\t\t\t\t<div class=\"elementor-element elementor-element-1bf1e94 elementor-widget-divider--separator-type-pattern elementor-widget-divider--no-spacing elementor-widget-divider--view-line elementor-widget elementor-widget-divider\" data-id=\"1bf1e94\" data-element_type=\"widget\" data-widget_type=\"divider.default\">\n\t\t\t\t<div class=\"elementor-widget-container\">\n\t\t\t\t\t\t\t<div class=\"elementor-divider\" style=\"--divider-pattern-url: url(&quot;data:image\/svg+xml,%3Csvg xmlns=&#039;http:\/\/www.w3.org\/2000\/svg&#039; preserveAspectRatio=&#039;xMidYMid meet&#039; overflow=&#039;visible&#039; height=&#039;100%&#039; viewBox=&#039;0 0 126 26&#039; fill=&#039;black&#039; stroke=&#039;none&#039;%3E%3Cpath d=&#039;M3,10.2c2.6,0,2.6,2,2.6,3.2S4.4,16.5,3,16.5s-3-1.4-3-3.2S0.4,10.2,3,10.2z M18.8,10.2c1.7,0,3.2,1.4,3.2,3.2s-1.4,3.2-3.2,3.2c-1.7,0-3.2-1.4-3.2-3.2S17,10.2,18.8,10.2z M34.6,10.2c1.5,0,2.6,1.4,2.6,3.2s-0.5,3.2-1.9,3.2c-1.5,0-3.4-1.4-3.4-3.2S33.1,10.2,34.6,10.2z M50.5,10.2c1.7,0,3.2,1.4,3.2,3.2s-1.4,3.2-3.2,3.2c-1.7,0-3.3-0.9-3.3-2.6S48.7,10.2,50.5,10.2z M66.2,10.2c1.5,0,3.4,1.4,3.4,3.2s-1.9,3.2-3.4,3.2c-1.5,0-2.6-0.4-2.6-2.1S64.8,10.2,66.2,10.2z M82.2,10.2c1.7,0.8,2.6,1.4,2.6,3.2s-0.1,3.2-1.6,3.2c-1.5,0-3.7-1.4-3.7-3.2S80.5,9.4,82.2,10.2zM98.6,10.2c1.5,0,2.6,0.4,2.6,2.1s-1.2,4.2-2.6,4.2c-1.5,0-3.7-0.4-3.7-2.1S97.1,10.2,98.6,10.2z M113.4,10.2c1.2,0,2.2,0.9,2.2,3.2s-0.1,3.2-1.3,3.2s-3.1-1.4-3.1-3.2S112.2,10.2,113.4,10.2z&#039;\/%3E%3C\/svg%3E&quot;);\">\n\t\t\t<span class=\"elementor-divider-separator\">\n\t\t\t\t\t\t<\/span>\n\t\t<\/div>\n\t\t\t\t\t\t<\/div>\n\t\t\t\t<\/div>\n\t\t\t\t\t<\/div>\n\t\t\t\t<\/div>\n\t\t<div class=\"elementor-element elementor-element-0186022 e-flex e-con-boxed e-con e-parent\" data-id=\"0186022\" data-element_type=\"container\">\n\t\t\t\t\t<div class=\"e-con-inner\">\n\t\t<div class=\"elementor-element elementor-element-22f0eda e-con-full e-flex e-con e-child\" data-id=\"22f0eda\" data-element_type=\"container\">\n\t\t\t\t<div class=\"elementor-element elementor-element-f14f779 elementor-widget__width-initial elementor-widget elementor-widget-text-editor\" data-id=\"f14f779\" data-element_type=\"widget\" data-widget_type=\"text-editor.default\">\n\t\t\t\t<div class=\"elementor-widget-container\">\n\t\t\t\t\t\t\t\t\t<p><strong>Documentazione completa<\/strong><\/p><p><strong>\u00a0<\/strong><\/p><p class=\"translation-block\"><span class=\"a_GcMg font-feature-liga-off font-feature-clig-off font-feature-calt-off text-decoration-none text-strikethrough-none\">Das Modul bietet eine grafische Darstellung des Zahnstatus, in der Sie Therapieschritte direkt einzeichnen und bestehende Behandlungen sofort aktualisieren k\u00f6nnen. Messwerte wie Sondierungstiefen, Rezessionen, Vitalit\u00e4t und Beweglichkeit werden unkompliziert erfasst, w\u00e4hrend blutende oder aktive Stellen automatisch im Taschenschema hervorgehoben werden. Selbst das Milchgebiss l\u00e4sst sich problemlos abbilden.&nbsp;<\/span>Die Software passt sich Ihren Praxisabl\u00e4ufen an: Sie k\u00f6nnen einzelne Z\u00e4hne oder ganze Gruppen drehen, verschieben oder strecken, medizinische Anomalit\u00e4ten freih\u00e4ndig einzeichnen und Operationen sowie KG-Texte frei definieren. Auch die Anzahl der Messpunkte pro Zahn (4, 6 oder 8) und die Messreihenfolge lassen sich individuell einstellen. So behalten Sie jederzeit den vollen \u00dcberblick und k\u00f6nnen jeden Befund exakt dokumentieren.<\/p>\t\t\t\t\t\t\t\t<\/div>\n\t\t\t\t<\/div>\n\t\t\t\t<\/div>\n\t\t<div class=\"elementor-element elementor-element-2432ba0 e-con-full e-flex e-con e-child\" data-id=\"2432ba0\" data-element_type=\"container\">\n\t\t\t\t<div class=\"elementor-element elementor-element-20a4594 elementor-widget elementor-widget-text-editor\" data-id=\"20a4594\" data-element_type=\"widget\" data-widget_type=\"text-editor.default\">\n\t\t\t\t<div class=\"elementor-widget-container\">\n\t\t\t\t\t\t\t\t\t<p><strong>Fatturazione e processi sicuri per lo studio dentistico<\/strong><\/p><p>\u00a0<\/p><p class=\"cvGsUA direction-ltr align-start para-style-body\"><span class=\"a_GcMg font-feature-liga-off font-feature-clig-off font-feature-calt-off text-decoration-none text-strikethrough-none\">KGWin Status dentario garantisce che le prestazioni vengano calcolate secondo la tariffa SSO e preparate direttamente per la fatturazione o il conteggio con le casse malati. In questo modo avete tutti i dati rilevanti in un unico posto ed evitate errori nella fatturazione.<\/span><\/p><p class=\"cvGsUA direction-ltr align-start para-style-body\"><span class=\"a_GcMg font-feature-liga-off font-feature-clig-off font-feature-calt-off text-decoration-none text-strikethrough-none\">Il modulo aumenta l'efficienza del vostro studio: la documentazione, la pianificazione e la fatturazione avvengono in modo centralizzato, trasparente e tracciabile, mentre tutti i dati rimangono conformi alle norme sulla protezione dei dati. In questo modo potete concentrarvi sull'essenziale, ovvero il trattamento dei vostri pazienti, e allo stesso tempo avere la certezza che le terapie, i valori misurati e le fatture siano sempre registrati correttamente.<\/span><\/p>\t\t\t\t\t\t\t\t<\/div>\n\t\t\t\t<\/div>\n\t\t\t\t<\/div>\n\t\t\t\t\t<\/div>\n\t\t\t\t<\/div>\n\t\t<div class=\"elementor-element elementor-element-47ccd53 e-flex e-con-boxed e-con e-parent\" data-id=\"47ccd53\" data-element_type=\"container\">\n\t\t\t\t\t<div class=\"e-con-inner\">\n\t\t<div class=\"elementor-element elementor-element-a7bba05 e-con-full e-flex e-con e-child\" data-id=\"a7bba05\" data-element_type=\"container\">\n\t\t\t\t<div class=\"elementor-element elementor-element-29d3d8a elementor-widget__width-initial elementor-widget elementor-widget-text-editor\" data-id=\"29d3d8a\" data-element_type=\"widget\" data-widget_type=\"text-editor.default\">\n\t\t\t\t<div class=\"elementor-widget-container\">\n\t\t\t\t\t\t\t\t\t<p><strong>Effiziente Therapien &amp; Planung<\/strong><\/p><p data-start=\"1353\" data-end=\"1746\">KGWin Zahnstatus erleichtert die Therapieplanung erheblich. Therapieschritte lassen sich direkt im Status einzeichnen und jederzeit aktualisieren, wodurch das gesamte Praxisteam immer auf dem neuesten Stand bleibt. Flexibel und individuell anpassbar: Zahngruppen, Therapiedarstellungen und Messreihenfolgen k\u00f6nnen nach Bedarf ge\u00e4ndert werden. Auch besondere medizinische Anomalien lassen sich unkompliziert einzeichnen. Dadurch wird die Planung nicht nur pr\u00e4zise, sondern auch intuitiv und praxisnah, sodass jeder Mitarbeiter sofort versteht, welche Ma\u00dfnahmen notwendig sind.<\/p>\t\t\t\t\t\t\t\t<\/div>\n\t\t\t\t<\/div>\n\t\t\t\t<\/div>\n\t\t<div class=\"elementor-element elementor-element-525e4b6 e-con-full e-flex e-con e-child\" data-id=\"525e4b6\" data-element_type=\"container\">\n\t\t\t\t<\/div>\n\t\t\t\t\t<\/div>\n\t\t\t\t<\/div>\n\t\t<div class=\"elementor-element elementor-element-145fe1e e-flex e-con-boxed e-con e-parent\" data-id=\"145fe1e\" data-element_type=\"container\">\n\t\t\t\t\t<div class=\"e-con-inner\">\n\t\t\t\t<div class=\"elementor-element elementor-element-9c21257 elementor-widget-divider--separator-type-pattern elementor-widget-divider--no-spacing elementor-widget-divider--view-line elementor-widget elementor-widget-divider\" data-id=\"9c21257\" data-element_type=\"widget\" data-widget_type=\"divider.default\">\n\t\t\t\t<div class=\"elementor-widget-container\">\n\t\t\t\t\t\t\t<div class=\"elementor-divider\" style=\"--divider-pattern-url: url(&quot;data:image\/svg+xml,%3Csvg xmlns=&#039;http:\/\/www.w3.org\/2000\/svg&#039; preserveAspectRatio=&#039;xMidYMid meet&#039; overflow=&#039;visible&#039; height=&#039;100%&#039; viewBox=&#039;0 0 126 26&#039; fill=&#039;black&#039; stroke=&#039;none&#039;%3E%3Cpath d=&#039;M3,10.2c2.6,0,2.6,2,2.6,3.2S4.4,16.5,3,16.5s-3-1.4-3-3.2S0.4,10.2,3,10.2z M18.8,10.2c1.7,0,3.2,1.4,3.2,3.2s-1.4,3.2-3.2,3.2c-1.7,0-3.2-1.4-3.2-3.2S17,10.2,18.8,10.2z M34.6,10.2c1.5,0,2.6,1.4,2.6,3.2s-0.5,3.2-1.9,3.2c-1.5,0-3.4-1.4-3.4-3.2S33.1,10.2,34.6,10.2z M50.5,10.2c1.7,0,3.2,1.4,3.2,3.2s-1.4,3.2-3.2,3.2c-1.7,0-3.3-0.9-3.3-2.6S48.7,10.2,50.5,10.2z M66.2,10.2c1.5,0,3.4,1.4,3.4,3.2s-1.9,3.2-3.4,3.2c-1.5,0-2.6-0.4-2.6-2.1S64.8,10.2,66.2,10.2z M82.2,10.2c1.7,0.8,2.6,1.4,2.6,3.2s-0.1,3.2-1.6,3.2c-1.5,0-3.7-1.4-3.7-3.2S80.5,9.4,82.2,10.2zM98.6,10.2c1.5,0,2.6,0.4,2.6,2.1s-1.2,4.2-2.6,4.2c-1.5,0-3.7-0.4-3.7-2.1S97.1,10.2,98.6,10.2z M113.4,10.2c1.2,0,2.2,0.9,2.2,3.2s-0.1,3.2-1.3,3.2s-3.1-1.4-3.1-3.2S112.2,10.2,113.4,10.2z&#039;\/%3E%3C\/svg%3E&quot;);\">\n\t\t\t<span class=\"elementor-divider-separator\">\n\t\t\t\t\t\t<\/span>\n\t\t<\/div>\n\t\t\t\t\t\t<\/div>\n\t\t\t\t<\/div>\n\t\t\t\t\t<\/div>\n\t\t\t\t<\/div>\n\t\t\t\t<\/div>","protected":false},"excerpt":{"rendered":"<p>Befund. KG. Rechnung. Alles in einem! Mit dem KGWin Zahnstatus dokumentieren Sie den oralen Befund, f\u00fchren die Krankengeschichte und erfassen [&hellip;]<\/p>","protected":false},"author":9,"featured_media":0,"parent":0,"menu_order":0,"comment_status":"closed","ping_status":"closed","template":"","meta":{"site-sidebar-layout":"no-sidebar","site-content-layout":"","ast-site-content-layout":"full-width-container","site-content-style":"default","site-sidebar-style":"default","ast-global-header-display":"","ast-banner-title-visibility":"","ast-main-header-display":"","ast-hfb-above-header-display":"","ast-hfb-below-header-display":"","ast-hfb-mobile-header-display":"","site-post-title":"disabled","ast-breadcrumbs-content":"","ast-featured-img":"disabled","footer-sml-layout":"","theme-transparent-header-meta":"","adv-header-id-meta":"","stick-header-meta":"","header-above-stick-meta":"","header-main-stick-meta":"","header-below-stick-meta":"","astra-migrate-meta-layouts":"default","ast-page-background-enabled":"default","ast-page-background-meta":{"desktop":{"background-color":"var(--ast-global-color-4)","background-image":"","background-repeat":"repeat","background-position":"center center","background-size":"auto","background-attachment":"scroll","background-type":"","background-media":"","overlay-type":"","overlay-color":"","overlay-opacity":"","overlay-gradient":""},"tablet":{"background-color":"","background-image":"","background-repeat":"repeat","background-position":"center center","background-size":"auto","background-attachment":"scroll","background-type":"","background-media":"","overlay-type":"","overlay-color":"","overlay-opacity":"","overlay-gradient":""},"mobile":{"background-color":"","background-image":"","background-repeat":"repeat","background-position":"center center","background-size":"auto","background-attachment":"scroll","background-type":"","background-media":"","overlay-type":"","overlay-color":"","overlay-opacity":"","overlay-gradient":""}},"ast-content-background-meta":{"desktop":{"background-color":"var(--ast-global-color-5)","background-image":"","background-repeat":"repeat","background-position":"center center","background-size":"auto","background-attachment":"scroll","background-type":"","background-media":"","overlay-type":"","overlay-color":"","overlay-opacity":"","overlay-gradient":""},"tablet":{"background-color":"var(--ast-global-color-5)","background-image":"","background-repeat":"repeat","background-position":"center center","background-size":"auto","background-attachment":"scroll","background-type":"","background-media":"","overlay-type":"","overlay-color":"","overlay-opacity":"","overlay-gradient":""},"mobile":{"background-color":"var(--ast-global-color-5)","background-image":"","background-repeat":"repeat","background-position":"center center","background-size":"auto","background-attachment":"scroll","background-type":"","background-media":"","overlay-type":"","overlay-color":"","overlay-opacity":"","overlay-gradient":""}},"footnotes":""},"class_list":["post-6324","page","type-page","status-publish","hentry"],"_links":{"self":[{"href":"https:\/\/www.zawin.ch\/it\/wp-json\/wp\/v2\/pages\/6324","targetHints":{"allow":["GET"]}}],"collection":[{"href":"https:\/\/www.zawin.ch\/it\/wp-json\/wp\/v2\/pages"}],"about":[{"href":"https:\/\/www.zawin.ch\/it\/wp-json\/wp\/v2\/types\/page"}],"author":[{"embeddable":true,"href":"https:\/\/www.zawin.ch\/it\/wp-json\/wp\/v2\/users\/9"}],"replies":[{"embeddable":true,"href":"https:\/\/www.zawin.ch\/it\/wp-json\/wp\/v2\/comments?post=6324"}],"version-history":[{"count":29,"href":"https:\/\/www.zawin.ch\/it\/wp-json\/wp\/v2\/pages\/6324\/revisions"}],"predecessor-version":[{"id":6550,"href":"https:\/\/www.zawin.ch\/it\/wp-json\/wp\/v2\/pages\/6324\/revisions\/6550"}],"wp:attachment":[{"href":"https:\/\/www.zawin.ch\/it\/wp-json\/wp\/v2\/media?parent=6324"}],"curies":[{"name":"wp","href":"https:\/\/api.w.org\/{rel}","templated":true}]}}